{"id":3,"date":"2025-11-10T15:13:05","date_gmt":"2025-11-10T15:13:05","guid":{"rendered":"https:\/\/dev.gitweb.it\/?page_id=3"},"modified":"2025-11-17T10:28:46","modified_gmt":"2025-11-17T10:28:46","slug":"privacy-policy","status":"publish","type":"page","link":"https:\/\/dev.gitweb.it\/?page_id=3","title":{"rendered":"Privacy Policy"},"content":{"rendered":"\t\t<div data-elementor-type=\"wp-page\" data-elementor-id=\"3\" class=\"elementor elementor-3\" data-elementor-post-type=\"page\">\n\t\t\t\t<div class=\"elementor-element elementor-element-16e92fce e-flex e-con-boxed e-con e-parent\" data-id=\"16e92fce\" data-element_type=\"container\">\n\t\t\t\t\t<div class=\"e-con-inner\">\n\t\t\t\t<div class=\"elementor-element elementor-element-4606496 elementor-widget elementor-widget-spacer\" data-id=\"4606496\" data-element_type=\"widget\" data-widget_type=\"spacer.default\">\n\t\t\t\t\t\t\t<div class=\"elementor-spacer\">\n\t\t\t<div class=\"elementor-spacer-inner\"><\/div>\n\t\t<\/div>\n\t\t\t\t\t\t<\/div>\n\t\t\t\t<div class=\"elementor-element elementor-element-a9e402f elementor-widget elementor-widget-heading\" data-id=\"a9e402f\" data-element_type=\"widget\" data-widget_type=\"heading.default\">\n\t\t\t\t\t<h2 class=\"elementor-heading-title elementor-size-default\">Privacy Policy<\/h2>\t\t\t\t<\/div>\n\t\t\t\t<div class=\"elementor-element elementor-element-69cfc637 elementor-widget elementor-widget-text-editor\" data-id=\"69cfc637\" data-element_type=\"widget\" data-widget_type=\"text-editor.default\">\n\t\t\t\t\t\t\t\t\t\n<p>Questa Sito Web raccoglie alcuni Dati Personali dei propri Utenti.<\/p>\n<p><strong>Titolare del Trattamento dei Dati<\/strong><\/p>\n<p>Webmagistri Consulting srl Sede legale: Via della Pedica 96 Grottaferrata (Roma) 00046<\/p>\n<p><strong>Telefono<\/strong>: 06 5925433<\/p>\n<p><strong>Partita Iva<\/strong>: 10079961008<\/p>\n<p><strong>Indirizzo e-mail del Titolare:<\/strong>\u00a0info@webmagistri.it;<br \/><br \/><\/p>\n<p><strong>Gamma di Dati raccolti<\/strong><\/p>\n<p>Fra i Dati Personali raccolti da questa Applicazione, in modo autonomo o tramite terze parti, ci sono: Cookie e Dati di utilizzo.<\/p>\n<p>Dettagli completi su ciascuna tipologia di dati raccolti sono forniti nelle sezioni dedicate di questa privacy policy o mediante specifici testi informativi visualizzati prima della raccolta dei dati stessi.<br \/>I Dati Personali possono essere liberamente forniti dall\u2019interessato o, nel caso di Dati di Utilizzo, raccolti automaticamente durante l\u2019uso di questa Applicazione.<br \/>Se non diversamente specificato, tutti i Dati richiesti da questa Applicazione sono obbligatori. Se l\u2019interessato rifiuta di comunicarli, potrebbe essere impossibile per questa Applicazione fornire il Servizio. Nei casi in cui questa Applicazione indichi alcuni Dati come facoltativi, gli interessati sono liberi di astenersi dal comunicare tali Dati, senza che ci\u00f2 abbia alcuna conseguenza sulla disponibilit\u00e0 del Servizio o sulla sua operativit\u00e0.<br \/>Gli interessati che dovessero avere dubbi su quali Dati siano obbligatori, sono incoraggiati a contattare Webmagistri Consulting srl.<br \/>L\u2019eventuale utilizzo di Cookie \u2013 o di altri strumenti di tracciamento \u2013 da parte di questa Applicazione o dei titolari dei servizi terzi utilizzati da questa Applicazione, ove non diversamente precisato, ha la finalit\u00e0 di fornire il Servizio richiesto dall\u2019interessato, oltre alle ulteriori finalit\u00e0 descritte nel presente documento e nella Cookie Policy, se disponibile.<br \/><br \/><\/p>\n<p><strong>Modalit\u00e0 e luogo del trattamento dei Dati raccolti<br \/><br \/><\/strong><\/p>\n<p><strong>Modalit\u00e0 di trattamento<\/strong><\/p>\n<p>Webmagistri Consulting srl adotta le opportune misure di sicurezza volte ad impedire l\u2019accesso, la divulgazione, la modifica o la distruzione non autorizzate dei Dati Personali.<br \/>Il trattamento viene effettuato mediante strumenti informatici e\/o telematici, con modalit\u00e0 organizzative e con logiche strettamente correlate alle finalit\u00e0 indicate. Oltre a Webmagistri Consulting srl, in alcuni casi, potrebbero avere accesso ai Dati altri soggetti coinvolti nell\u2019organizzazione di questa Applicazione (personale amministrativo, commerciale, marketing, legali, amministratori di sistema) ovvero soggetti esterni (come fornitori di servizi tecnici terzi, corrieri postali, hosting provider, societ\u00e0 informatiche, agenzie di comunicazione) nominati anche, se necessario, Responsabili Esterni del Trattamento da parte di Webmagistri Consulting srl. L\u2019elenco aggiornato dei Responsabili potr\u00e0 sempre essere richiesto a Webmagistri Consulting srl.<br \/><br \/><\/p>\n<p><strong>Base giuridica del trattamento<\/strong><\/p>\n<p>Webmagistri Consulting srl tratta Dati Personali relativi all\u2019interessato in caso sussista una delle seguenti condizioni:<\/p>\n<ul>\n<li>il trattamento \u00e8 necessario all\u2019esecuzione di un contratto con l\u2019interessato e\/o all\u2019esecuzione di misure precontrattuali;<\/li>\n<li>il trattamento \u00e8 necessario per adempiere un obbligo legale al quale \u00e8 soggetto Webmagistri Consulting srl;<\/li>\n<li>il trattamento \u00e8 necessario per l\u2019esecuzione di un compito di interesse pubblico o per l\u2019esercizio di pubblici poteri di cui \u00e8 investito Webmagistri Consulting srl;<\/li>\n<li>il trattamento \u00e8 necessario per il perseguimento del legittimo interesse di Webmagistri Consulting srl o di terzi.<br \/><br \/><\/li>\n<\/ul>\n<p><strong>Luogo<\/strong><\/p>\n<p>I Dati sono trattati presso la sede operative di Webmagistri Consulting srl ed in ogni altro luogo in cui le parti coinvolte nel trattamento siano localizzate. Per ulteriori informazioni l\u2019interessato potr\u00e0 contattare Webmagistri Consulting srl.<br \/>I Dati Personali dell\u2019interessato potrebbero essere trasferiti in un paese diverso da quello in cui l\u2019interessato si trova. Per ottenere ulteriori informazioni sul luogo del trattamento l\u2019interessato pu\u00f2 fare riferimento alla sezione relativa ai dettagli sul trattamento dei Dati Personali.<\/p>\n<p>L\u2019interessato ha diritto a ottenere informazioni in merito alla base giuridica del trasferimento di Dati al di fuori dell\u2019Unione Europea (Capo V, Art 44 del GDPR \u201cTrasferimenti di dati personali verso paesi terzi o organizzazioni internazionali\u201d).<\/p>\n<p>Qualora abbia luogo uno dei trasferimenti appena descritti, l\u2019Utente pu\u00f2 fare riferimento alle rispettive sezioni di questo documento o chiedere informazioni a Webmagistri Consulting srl contattandolo agli estremi riportati in apertura.<br \/><br \/><\/p>\n<p><strong>Periodo di conservazione<\/strong><\/p>\n<p>I Dati sono trattati e conservati per il tempo richiesto dalle finalit\u00e0 per le quali sono stati raccolti.<\/p>\n<p>Pertanto:<\/p>\n<ul>\n<li>I Dati Personali raccolti per scopi collegati all\u2019esecuzione di un contratto tra Webmagistri Consulting srl e l\u2019interessato saranno trattenuti sino a quando sia completata l\u2019esecuzione di tale contratto.<\/li>\n<li>I Dati Personali raccolti per finalit\u00e0 riconducibili all\u2019interesse legittimo di Webmagistri Consulting srl saranno trattenuti sino al soddisfacimento di tale interesse. L\u2019interessato pu\u00f2 ottenere ulteriori informazioni in merito all\u2019interesse legittimo perseguito da Webmagistri Consulting srl. Quando il trattamento \u00e8 basato sul consenso dell\u2019interessato, Webmagistri Consulting srl pu\u00f2 conservare i Dati Personali pi\u00f9 a lungo sino a quando detto consenso non venga revocato.<\/li>\n<\/ul>\n<p>Inoltre Webmagistri Consulting srl potrebbe essere obbligato a conservare i Dati Personali per un periodo pi\u00f9 lungo in ottemperanza ad un obbligo di legge o per ordine di un\u2019autorit\u00e0 (per un massimo di 10 anni).<\/p>\n<p>Al termine del periodo di conservazioni i Dati Personali saranno cancellati. Pertanto, allo spirare di tale termine il diritto di accesso, cancellazione, rettificazione ed il diritto alla portabilit\u00e0 dei Dati non potranno pi\u00f9 essere esercitati.<br \/><br \/><\/p>\n<p><strong>Finalit\u00e0 del Trattamento dei Dati raccolti<\/strong><\/p>\n<p>I Dati dell\u2019interessato sono raccolti per consentire a Webmagistri Consulting srl di fornire i propri Servizi.<\/p>\n<p>Per ottenere ulteriori informazioni dettagliate sulle finalit\u00e0 del trattamento e sui Dati Personali concretamente rilevanti per ciascuna finalit\u00e0, l\u2019interessato pu\u00f2 fare riferimento a Webmagistri Consulting srl.<br \/><br \/><\/p>\n<p><strong>Diritti dell\u2019Interessato<\/strong><\/p>\n<p>Gli interessati possono esercitare determinati diritti con riferimento ai Dati trattati da Webmagistri Consulting srl.<\/p>\n<p>In particolare, l\u2019interessato ha il diritto di:<\/p>\n<ul>\n<li><strong>revocare il consenso in ogni momento.<\/strong>\u00a0L\u2019interessato pu\u00f2 revocare il consenso al trattamento dei propri Dati Personali precedentemente espresso.<\/li>\n<li><strong>opporsi al trattamento dei propri Dati.<\/strong>\u00a0L\u2019interessato pu\u00f2 opporsi al trattamento dei propri Dati quando esso avviene su una base giuridica diversa dal consenso.<\/li>\n<li><strong>accedere ai propri Dati.<\/strong>\u00a0L\u2019interessato ha diritto ad ottenere informazioni sui Dati trattati da Webmagistri Consulting srl, su determinati aspetti del trattamento ed a ricevere una copia dei Dati trattati.<\/li>\n<li><strong>verificare e chiedere la rettificazione.<\/strong>\u00a0L\u2019interessato pu\u00f2 verificare la correttezza dei propri Dati e richiederne l\u2019aggiornamento o la correzione.\u00a0\u2028<\/li>\n<li><strong>ottenere la limitazione del trattamento.<\/strong>\u00a0Quando ricorrono determinate condizioni, l\u2019interessato pu\u00f2 richiedere la limitazione del trattamento dei propri Dati. In tal caso Webmagistri Consulting srl non tratter\u00e0 i Dati per alcun altro scopo se non la loro conservazione.<\/li>\n<li><strong>ottenere la cancellazione o rimozione dei propri Dati Personali.<\/strong>\u00a0Quando ricorrono determinate condizioni, l\u2019interessato pu\u00f2 richiedere la cancellazione dei propri Dati da parte di Webmagistri Consulting srl.<\/li>\n<li><strong>ricevere i propri Dati o farli trasferire ad altro titolare.<\/strong>\u00a0L\u2019interessato ha diritto di ricevere i propri Dati in formato strutturato, di uso comune e leggibile da dispositivo automatico e, ove tecnicamente fattibile, di ottenerne il trasferimento senza ostacoli ad un altro titolare. Questa disposizione \u00e8 applicabile quando i Dati sono trattati con strumenti automatizzati ed il trattamento \u00e8 basato sul consenso dell\u2019interessato, su un contratto di cui l\u2019interessato \u00e8 parte o su misure contrattuali ad esso connesse.<\/li>\n<li><strong>proporre reclamo.<\/strong>\u00a0L\u2019interessato pu\u00f2 proporre un reclamo all\u2019autorit\u00e0 di controllo della protezione dei dati personali competente o agire in sede giudiziale.<br \/><br \/><\/li>\n<\/ul>\n<p><strong>Dettagli sul diritto di opposizione<\/strong><\/p>\n<p>L\u2019interessato ha il diritto di opporsi in qualsiasi momento, per motivi connessi alla sua situazione particolare, al trattamento dei dati personali che lo riguardano, Webmagistri Consulting srl si astiene dal trattare ulteriormente i dati personali salvo che egli dimostri l\u2019esistenza di motivi legittimi cogenti per procedere al trattamento che prevalgono sugli interessi, sui diritti e sulle libert\u00e0 dell\u2019interessato oppure per l\u2019accertamento, l\u2019esercizio o la difesa di un diritto in sede giudiziaria.<br \/><br \/><\/p>\n<p><strong>Come esercitare i diritti<\/strong><\/p>\n<p>Per esercitare i diritti gli interessati possono indirizzare una richiesta agli estremi di contatto di Webmagistri Consulting srl indicati in questo documento. Le richieste sono depositate a titolo gratuito e evase dal Titolare nel pi\u00f9 breve tempo possibile, in ogni caso entro un mese.<\/p>\t\t\t\t\t\t\t\t<\/div>\n\t\t\t\t<div class=\"elementor-element elementor-element-3b82b63 elementor-widget elementor-widget-spacer\" data-id=\"3b82b63\" data-element_type=\"widget\" data-widget_type=\"spacer.default\">\n\t\t\t\t\t\t\t<div class=\"elementor-spacer\">\n\t\t\t<div class=\"elementor-spacer-inner\"><\/div>\n\t\t<\/div>\n\t\t\t\t\t\t<\/div>\n\t\t\t\t\t<\/div>\n\t\t\t\t<\/div>\n\t\t\t\t<\/div>\n\t\t","protected":false},"excerpt":{"rendered":"<p>Privacy Policy Questa Sito Web raccoglie alcuni Dati Personali dei propri Utenti. Titolare del Trattamento dei Dati Webmagistri Consulting srl Sede legale: Via della Pedica 96 Grottaferrata (Roma) 00046 Telefono: 06 5925433 Partita Iva: 10079961008 Indirizzo e-mail del Titolare:\u00a0info@webmagistri.it; Gamma di Dati raccolti Fra i Dati Personali raccolti da questa Applicazione, in modo autonomo o [&hellip;]<\/p>\n","protected":false},"author":1,"featured_media":0,"parent":0,"menu_order":0,"comment_status":"closed","ping_status":"open","template":"","meta":{"footnotes":""},"class_list":["post-3","page","type-page","status-publish","hentry"],"_links":{"self":[{"href":"https:\/\/dev.gitweb.it\/index.php?rest_route=\/wp\/v2\/pages\/3","targetHints":{"allow":["GET"]}}],"collection":[{"href":"https:\/\/dev.gitweb.it\/index.php?rest_route=\/wp\/v2\/pages"}],"about":[{"href":"https:\/\/dev.gitweb.it\/index.php?rest_route=\/wp\/v2\/types\/page"}],"author":[{"embeddable":true,"href":"https:\/\/dev.gitweb.it\/index.php?rest_route=\/wp\/v2\/users\/1"}],"replies":[{"embeddable":true,"href":"https:\/\/dev.gitweb.it\/index.php?rest_route=%2Fwp%2Fv2%2Fcomments&post=3"}],"version-history":[{"count":5,"href":"https:\/\/dev.gitweb.it\/index.php?rest_route=\/wp\/v2\/pages\/3\/revisions"}],"predecessor-version":[{"id":169,"href":"https:\/\/dev.gitweb.it\/index.php?rest_route=\/wp\/v2\/pages\/3\/revisions\/169"}],"wp:attachment":[{"href":"https:\/\/dev.gitweb.it\/index.php?rest_route=%2Fwp%2Fv2%2Fmedia&parent=3"}],"curies":[{"name":"wp","href":"https:\/\/api.w.org\/{rel}","templated":true}]}}